{"id":235,"date":"2025-10-22T09:23:44","date_gmt":"2025-10-22T12:23:44","guid":{"rendered":"https:\/\/lasangucheria.com.ar\/sangucheria\/?page_id=235"},"modified":"2025-10-22T10:19:13","modified_gmt":"2025-10-22T13:19:13","slug":"postulantes","status":"publish","type":"page","link":"https:\/\/lasangucheria.com.ar\/sangucheria\/postulantes\/","title":{"rendered":"postulantes"},"content":{"rendered":"<nav class=\"lasangucheria-navbar\">\n        <div class=\"navbar-container\">\n            <!-- Logo -->\n            <a href=\"https:\/\/lasangucheria.com.ar\/sangucheria\/\" class=\"navbar-logo\">\n                <img decoding=\"async\" src=\"https:\/\/lasangucheria.com.ar\/sangucheria\/wp-content\/uploads\/2025\/10\/logo-sang.png\" alt=\"Logo La Sangucher\u00eda\">\n            <\/a>\n\n            <!-- Men\u00fa Desktop -->\n            <ul class=\"navbar-links\">\n                <li><a href=\"https:\/\/lasangucheria.com.ar\/sangucheria\/\" >Inicio<\/a><\/li>\n                <li><a href=\"https:\/\/lasangucheria.com.ar\/sangucheria\/#sanguches\" >Cat\u00e1logo<\/a><\/li>\n                <li><a href=\"https:\/\/lasangucheria.com.ar\/sangucheria\/#sobrenosotros\" >Sobre Nosotros<\/a><\/li>\n                <li><a href=\"https:\/\/lapanaderia.com.ar\/panaderia\/mis-puntos\/\" >Mis Puntos<\/a><\/li>\n                <li><a href=\"https:\/\/lasangucheria.com.ar\/sangucheria\/#contacto\" >Contacto<\/a><\/li>\n            <\/ul>\n\n            <!-- CTA Desktop -->\n            <div class=\"navbar-cta\"><\/div>\n\n            <!-- Men\u00fa Mobile -->\n            <div class=\"mobile-menu-toggle\">\n                <button class=\"hamburger\">\n                    <span class=\"hamburger-line\"><\/span>\n                    <span class=\"hamburger-line\"><\/span>\n                    <span class=\"hamburger-line\"><\/span>\n                <\/button>\n            <\/div>\n        <\/div>\n\n        <!-- Men\u00fa Mobile Content -->\n        <div class=\"mobile-menu\">\n            <div class=\"mobile-menu-header\">\n                <div class=\"mobile-logo\">\n                    <img decoding=\"async\" src=\"https:\/\/lasangucheria.com.ar\/sangucheria\/wp-content\/uploads\/2025\/02\/cropped-logo-10.png\" alt=\"Logo La Sangucher\u00eda\">\n                <\/div>\n                <button class=\"mobile-close\">\n                    <span class=\"close-icon\">&times;<\/span>\n                <\/button>\n            <\/div>\n            \n            <div class=\"mobile-menu-content\">\n                <ul class=\"mobile-nav-links\">\n                    <li>\n                        <a href=\"https:\/\/lasangucheria.com.ar\/sangucheria\/\">\n                            <i class=\"fas fa-home\"><\/i>\n                            <span>Inicio<\/span>\n                        <\/a>\n                    <\/li>\n                    <li>\n                        <a href=\"https:\/\/lasangucheria.com.ar\/sangucheria\/#sanguches\">\n                            <i class=\"fas fa-store\"><\/i>\n                            <span>Cat\u00e1logo<\/span>\n                        <\/a>\n                    <\/li>\n                    <li>\n                        <a href=\"https:\/\/lasangucheria.com.ar\/sangucheria\/#sobrenosotros\">\n                            <i class=\"fas fa-users\"><\/i>\n                            <span>Sobre Nosotros<\/span>\n                        <\/a>\n                    <\/li>\n                    <li>\n                        <a href=\"https:\/\/lapanaderia.com.ar\/panaderia\/mis-puntos\/\">\n                            <i class=\"fas fa-briefcase\"><\/i>\n                            <span>Mis Puntos<\/span>\n                        <\/a>\n                    <\/li>\n                    <li>\n                        <a href=\"https:\/\/lasangucheria.com.ar\/sangucheria\/#contacto\">\n                            <i class=\"fas fa-envelope\"><\/i>\n                            <span>Contacto<\/span>\n                        <\/a>\n                    <\/li>\n                <\/ul>\n                \n                <div class=\"mobile-cta\"><\/div>\n                \n                <div class=\"mobile-social\">\n                    <a href=\"#\" class=\"social-icon\"><i class=\"fab fa-facebook-f\"><\/i><\/a>\n                    <a href=\"#\" class=\"social-icon\"><i class=\"fab fa-instagram\"><\/i><\/a>\n             \n                <\/div>\n            <\/div>\n        <\/div>\n        \n        <!-- Overlay para cuando el men\u00fa est\u00e1 abierto -->\n        <div class=\"mobile-overlay\"><\/div>\n    <\/nav>\n\n    <style>\n        \/* Importar tipograf\u00edas *\/\n        @import url(\"https:\/\/fonts.googleapis.com\/css2?family=Times:wght@400;700&display=swap\");\n\n        \/* Variables de paleta La Sangucher\u00eda *\/\n        :root {\n            --primary-color: #04476b;\n            --secondary-color: #efe9d9;\n            --text-light: #ffffff;\n            --accent-color: #022335; \/* fondo principal oscuro *\/\n            --hover-transition: all 0.3s ease;\n            --transition-duration: 0.4s;\n            --easing: cubic-bezier(0.23, 1, 0.32, 1);\n            --font-times: \"Times\", serif;\n        }\n\n        \/* Estilos generales del navbar *\/\n        .lasangucheria-navbar {\n            position: fixed;\n            top: 0;\n            left: 0;\n            right: 0;\n            z-index: 1000;\n            background: linear-gradient(180deg, var(--accent-color), var(--primary-color));\n            backdrop-filter: blur(12px);\n            box-shadow: 0 4px 20px rgba(0,0,0,0.3);\n            padding: 1rem 0;\n            transition: all var(--transition-duration) var(--easing);\n            font-family: var(--font-times);\n        }\n\n        .navbar-container {\n            max-width: 1400px;\n            margin: 0 auto;\n            padding: 0 2rem;\n            display: flex;\n            align-items: center;\n            justify-content: space-between;\n        }\n\n        \/* Logo *\/\n        .navbar-logo img {\n            height: 50px;\n\t\t\tpadding: 5px;\n            transition: transform var(--transition-duration) var(--easing);\n        }\n\n        .navbar-logo:hover img {\n            transform: scale(1.05);\n        }\n\n        \/* Men\u00fa Desktop *\/\n        .navbar-links {\n            display: flex;\n            gap: 2.5rem;\n            list-style: none;\n            margin: 0;\n            padding: 0;\n        }\n\n        .navbar-links a {\n            color: var(--secondary-color);\n            text-decoration: none;\n            font-family: var(--font-times);\n            font-weight: 700;\n            font-size: 1.5rem;\n            letter-spacing: 0.5px;\n            position: relative;\n            padding: 0.5rem 0;\n            transition: color var(--transition-duration) var(--easing);\n       \n        }\n\n        .navbar-links a::after {\n            content: \"\";\n            position: absolute;\n            bottom: 0;\n            left: 0;\n            width: 0;\n            height: 2px;\n            background: var(--secondary-color);\n            transition: width var(--transition-duration) var(--easing);\n        }\n\n        .navbar-links a:hover {\n            color: var(--text-light);\n        }\n\n        .navbar-links a:hover::after {\n            width: 100%;\n        }\n\n        \/* Bot\u00f3n CTA Desktop *\/\n        .cta-button {\n            background: linear-gradient(135deg, var(--accent-color), var(--primary-color));\n            color: var(--text-light);\n            padding: 0.8rem 2rem;\n            border-radius: 30px;\n            text-decoration: none;\n            font-family: var(--font-times);\n            font-weight: 700;\n            font-size: 1.2rem;\n            letter-spacing: 0.5px;\n            text-transform: uppercase;\n            display: inline-flex;\n            align-items: center;\n            gap: 8px;\n            transition: all var(--transition-duration) var(--easing);\n            box-shadow: 0 4px 15px rgba(0,0,0,0.3);\n            border: 2px solid transparent;\n        }\n\n        .cta-button:hover {\n            transform: translateY(-2px);\n            box-shadow: 0 6px 20px rgba(0,0,0,0.35);\n            background: var(--text-light);\n            color: var(--accent-color);\n            border-color: var(--secondary-color);\n        }\n\n        \/* Bot\u00f3n hamburguesa *\/        \n        .mobile-menu-toggle {\n            display: none;\n            position: relative;\n            z-index: 1002;\n        }\n\n        .hamburger {\n            background: transparent;\n            border: none;\n            cursor: pointer;\n            padding: 0.5rem;\n            display: flex;\n            flex-direction: column;\n            justify-content: center;\n            align-items: center;\n        }\n\n        .hamburger-line {\n            display: block;\n            width: 28px;\n            height: 3px;\n            background: var(--secondary-color);\n            margin: 4px 0;\n            border-radius: 3px;\n            transition: all var(--transition-duration) var(--easing);\n        }\n\n        .hamburger:hover .hamburger-line {\n            background: var(--text-light);\n        }\n\n        \/* VERSI\u00d3N M\u00d3VIL DEL MEN\u00da *\/\n        .mobile-menu {\n            position: fixed;\n            top: 0;\n            right: -100%;\n            bottom: 0;\n            width: 85%;\n            max-width: 350px;\n            height: 100vh;\n            background: var(--accent-color);\n            z-index: 9999;\n            transition: right var(--transition-duration) var(--easing);\n            box-shadow: -5px 0 25px rgba(0,0,0,0.15);\n            display: flex;\n            flex-direction: column;\n            overflow-y: auto;\n            font-family: var(--font-times);\n        }\n\n        .mobile-menu.active {\n            right: 0;\n        }\n\n        \/* Encabezado del men\u00fa m\u00f3vil *\/\n        .mobile-menu-header {\n            display: flex;\n            justify-content: space-between;\n            align-items: center;\n            padding: 20px;\n            border-bottom: 1px solid rgba(255,255,255,0.1);\n            position: sticky;\n            top: 0;\n            background: var(--accent-color);\n            z-index: 2;\n        }\n\n        .mobile-logo img {\n            height: 70px;\n        }\n\n        .mobile-close {\n            background: rgba(255,255,255,0.1);\n            border: none;\n            cursor: pointer;\n            width: 36px;\n            height: 36px;\n            border-radius: 50%;\n            display: flex;\n            align-items: center;\n            justify-content: center;\n            transition: all 0.3s ease;\n        }\n\n        .mobile-close:hover {\n            background: var(--primary-color);\n        }\n\n        .close-icon {\n            font-size: 24px;\n            color: var(--secondary-color);\n            line-height: 1;\n            font-family: var(--font-times);\n        }\n\n        \/* Contenido del men\u00fa m\u00f3vil *\/\n        .mobile-menu-content {\n            padding: 25px 20px;\n            display: flex;\n            flex-direction: column;\n            flex-grow: 1;\n            overflow-y: auto;\n        }\n\n        .mobile-nav-links {\n            list-style: none;\n            padding: 0;\n            margin: 0 0 30px 0;\n        }\n\n        .mobile-nav-links li {\n            margin-bottom: 15px;\n        }\n\n        .mobile-nav-links a {\n            display: flex;\n            align-items: center;\n            color: var(--secondary-color);\n            text-decoration: none;\n            font-family: var(--font-times);\n            font-size: 1.05rem;\n            font-weight: 700;\n            letter-spacing: 0.5px;\n   \n            padding: 12px 15px;\n            border-radius: 10px;\n            transition: all 0.3s ease;\n            border: 1px solid transparent;\n        }\n\n        .mobile-nav-links a:hover {\n            background-color: rgba(255,255,255,0.1);\n            color: var(--text-light);\n            border-color: var(--secondary-color);\n        }\n\n        .mobile-nav-links i {\n            font-size: 1.2rem;\n            width: 24px;\n            margin-right: 15px;\n            color: var(--secondary-color);\n        }\n\n        \/* CTA m\u00f3vil *\/\n        .mobile-cta {\n            margin: auto 0 25px 0;\n            padding: 15px 0;\n        }\n\n        .mobile-cta-button {\n            display: flex;\n            align-items: center;\n            justify-content: center;\n            gap: 10px;\n            width: 100%;\n            padding: 15px 20px;\n            background: var(--primary-color);\n            color: var(--text-light);\n            text-decoration: none;\n            font-family: var(--font-times);\n            font-weight: 700;\n            letter-spacing: 0.5px;\n            text-transform: uppercase;\n            border-radius: 10px;\n            text-align: center;\n            box-shadow: 0 4px 12px rgba(0,0,0,0.2);\n            transition: all 0.3s ease;\n            border: 2px solid transparent;\n        }\n\n        .mobile-cta-button:hover {\n            background: var(--text-light);\n            color: var(--accent-color);\n            border-color: var(--secondary-color);\n            transform: translateY(-2px);\n        }\n\n        \/* Iconos sociales *\/\n        .mobile-social {\n            display: flex;\n            justify-content: center;\n            gap: 15px;\n            margin-top: 10px;\n        }\n\n        .social-icon {\n            width: 40px;\n            height: 40px;\n            border-radius: 50%;\n            display: flex;\n            align-items: center;\n            justify-content: center;\n            background-color: rgba(255,255,255,0.1);\n            color: var(--secondary-color);\n            transition: all 0.3s ease;\n            border: 1px solid transparent;\n        }\n\n        .social-icon:hover {\n            background-color: var(--text-light);\n            color: var(--accent-color);\n            transform: translateY(-3px);\n            border-color: var(--secondary-color);\n        }\n\n        \/* Overlay para cuando el men\u00fa est\u00e1 abierto *\/\n        .mobile-overlay {\n            position: fixed;\n            top: 0;\n            left: 0;\n            right: 0;\n            bottom: 0;\n            background: rgba(0,0,0,0.6);\n            z-index: 1004;\n            opacity: 0;\n            visibility: hidden;\n            transition: all 0.3s ease;\n        }\n\n        .mobile-overlay.active {\n            opacity: 1;\n            visibility: visible;\n        }\n\n        \/* Scroll Effect *\/\n        .scrolled {\n            padding: 0.5rem 0;\n            backdrop-filter: blur(16px);\n            background: linear-gradient(180deg, var(--accent-color), rgba(2,35,53,0.95));\n            box-shadow: 0 4px 25px rgba(0,0,0,0.4);\n        }\n\n        \/* Responsive *\/\n        @media (max-width: 1024px) {\n            .navbar-links,\n            .navbar-cta {\n                display: none;\n            }\n\n            .mobile-menu-toggle {\n                display: block;\n            }\n        }\n\n        \/* Ajustes adicionales para m\u00f3viles peque\u00f1os *\/\n        @media (max-width: 480px) {\n            .navbar-container {\n                padding: 0 1rem;\n            }\n            \n            .mobile-menu {\n                width: 100%;\n                max-width: none;\n            }\n        }\n\n        \/* Mejoras de accesibilidad y hover states *\/\n        @media (prefers-reduced-motion: reduce) {\n            * {\n                animation-duration: 0.01ms !important;\n                animation-iteration-count: 1 !important;\n                transition-duration: 0.01ms !important;\n            }\n        }\n    <\/style>\n\n    <script>\n        document.addEventListener(\"DOMContentLoaded\", function() {\n            \/\/ Elementos del DOM\n            const hamburger = document.querySelector(\".hamburger\");\n            const mobileMenu = document.querySelector(\".mobile-menu\");\n            const mobileClose = document.querySelector(\".mobile-close\");\n            const mobileOverlay = document.querySelector(\".mobile-overlay\");\n            const mobileLinks = document.querySelectorAll(\".mobile-nav-links a, .mobile-cta-button\");\n            \n            \/\/ Funci\u00f3n para abrir el men\u00fa\n            function openMenu() {\n                mobileMenu.classList.add(\"active\");\n                mobileOverlay.classList.add(\"active\");\n                document.body.style.overflow = \"hidden\";\n                \n                \/\/ Asegurarse de que el men\u00fa est\u00e9 en la parte superior\n                window.scrollTo(0, 0);\n                \n                \/\/ Restablecer la posici\u00f3n de scroll del men\u00fa m\u00f3vil\n                mobileMenu.scrollTop = 0;\n            }\n            \n            \/\/ Funci\u00f3n para cerrar el men\u00fa\n            function closeMenu() {\n                mobileMenu.classList.remove(\"active\");\n                mobileOverlay.classList.remove(\"active\");\n                document.body.style.overflow = \"\";\n            }\n            \n            \/\/ Eventos para abrir\/cerrar men\u00fa\n            hamburger.addEventListener(\"click\", openMenu);\n            mobileClose.addEventListener(\"click\", closeMenu);\n            mobileOverlay.addEventListener(\"click\", closeMenu);\n            \n            \/\/ Cerrar el men\u00fa cuando se hace clic en un enlace\n            mobileLinks.forEach(link => {\n                link.addEventListener(\"click\", () => {\n                    closeMenu();\n                    \n                    \/\/ Si es un enlace interno, realizar scroll suave\n                    const href = link.getAttribute(\"href\");\n                    if (href.includes(\"#\") && !href.startsWith(\"http\")) {\n                        const targetId = href.split(\"#\")[1];\n                        if (targetId) {\n                            const targetElement = document.getElementById(targetId);\n                            if (targetElement) {\n                                setTimeout(() => {\n                                    targetElement.scrollIntoView({\n                                        behavior: \"smooth\",\n                                        block: \"start\"\n                                    });\n                                }, 300);\n                            }\n                        }\n                    }\n                });\n            });\n\n            \/\/ Efecto de scroll en la Navbar\n            window.addEventListener(\"scroll\", () => {\n                const navbar = document.querySelector(\".lasangucheria-navbar\");\n                if (window.scrollY > 50) {\n                    navbar.classList.add(\"scrolled\");\n                } else {\n                    navbar.classList.remove(\"scrolled\");\n                }\n            });\n            \n            \/\/ Asegurarse que FontAwesome est\u00e9 cargado\n            if (!document.getElementById(\"font-awesome-css\")) {\n                const fontAwesome = document.createElement(\"link\");\n                fontAwesome.id = \"font-awesome-css\";\n                fontAwesome.rel = \"stylesheet\";\n                fontAwesome.href = \"https:\/\/cdnjs.cloudflare.com\/ajax\/libs\/font-awesome\/5.15.4\/css\/all.min.css\";\n                document.head.appendChild(fontAwesome);\n            }\n        });\n    <\/script>\n\n\n\n<hr class=\"wp-block-separator has-text-color has-alpha-channel-opacity has-background\" style=\"margin-top:var(--wp--preset--spacing--60);margin-bottom:var(--wp--preset--spacing--60);background-color:#ffffff00;color:#ffffff00\"\/>\n\n\n    \n    <div class=\"formulario-constructora\">\n        <h2>Postulaci\u00f3n Laboral - La Sangucheria<\/h2>\n        \n        <form method=\"post\" action=\"\" enctype=\"multipart\/form-data\">\n            <div class=\"form-row\">\n                <div class=\"form-field\">\n                    <label>Nombre *:<\/label>\n                    <input type=\"text\" name=\"nombre\" required>\n                <\/div>\n                <div class=\"form-field\">\n                    <label>Apellidos *:<\/label>\n                    <input type=\"text\" name=\"apellidos\" required>\n                <\/div>\n            <\/div>\n\n            <label>Domicilio *:<\/label>\n            <input type=\"text\" name=\"domicilio\" required>\n\n            <div class=\"form-row\">\n                <div class=\"form-field\">\n                    <label>Celular *:<\/label>\n                    <input type=\"tel\" name=\"celular\" required>\n                <\/div>\n                <div class=\"form-field\">\n                    <label>DNI *:<\/label>\n                    <input type=\"text\" name=\"dni\" required>\n                <\/div>\n            <\/div>\n\n            <label>Correo electr\u00f3nico *:<\/label>\n            <input type=\"email\" name=\"correo\" required>\n\n            <label>\u00c1rea de inter\u00e9s *:<\/label>\n            <select name=\"area_interes\" required>\n                <option value=\"\">Selecciona un \u00e1rea<\/option>\n                <option value=\"DELIVERY\">DELIVERY<\/option>\n                <option value=\"COCINA\">COCINA<\/option>\n                <option value=\"ATENCI\u00d3N AL CLIENTE\">ATENCI\u00d3N AL CLIENTE<\/option>\n                <option value=\"CAJERO\/A\">CAJERO\/A<\/option>\n                <option value=\"AYUDANTE DE COCINA\">AYUDANTE DE COCINA<\/option>\n                <option value=\"GERENTE DE LOCAL\">GERENTE DE LOCAL<\/option>\n                <option value=\"LIMPIEZA Y MANTENIMIENTO\">LIMPIEZA Y MANTENIMIENTO<\/option>\n\n            <\/select>\n\n            <label>Experiencia laboral y habilidades *:<\/label>\n            <textarea name=\"experiencia\" required placeholder=\"Describe tu experiencia previa, habilidades t\u00e9cnicas y cualquier informaci\u00f3n relevante para el puesto...\"><\/textarea>\n\n            <label>Sube tu CV (PDF, DOC, DOCX - M\u00e1x. 5MB) *:<\/label>\n            <div class=\"file-upload\">\n                <input type=\"file\" name=\"cv_archivo\" accept=\".pdf,.doc,.docx\" required>\n                <label class=\"file-upload-label\">\n                    \ud83d\udcc4 Haz clic aqu\u00ed para seleccionar tu CV\n                <\/label>\n            <\/div>\n\n            <button type=\"submit\" name=\"enviar_formulario\">Enviar Postulaci\u00f3n<\/button>\n        <\/form>\n    <\/div>\n\n\n    <script>\n    \/\/ Actualizar texto del input file\n    document.querySelector('input[name=\"cv_archivo\"]').addEventListener('change', function(e) {\n        const label = document.querySelector('.file-upload-label');\n        if (e.target.files.length > 0) {\n            label.innerHTML = '\u2705 ' + e.target.files[0].name;\n        } else {\n            label.innerHTML = '\ud83d\udcc4 Haz clic aqu\u00ed para seleccionar tu CV';\n        }\n    });\n    <\/script>\n\n    \n","protected":false},"excerpt":{"rendered":"","protected":false},"author":1,"featured_media":0,"parent":0,"menu_order":0,"comment_status":"closed","ping_status":"closed","template":"..\/public\/views\/revslider-page-template.php","meta":{"site-sidebar-layout":"default","site-content-layout":"","ast-site-content-layout":"","site-content-style":"default","site-sidebar-style":"default","ast-global-header-display":"","ast-banner-title-visibility":"","ast-main-header-display":"","ast-hfb-above-header-display":"","ast-hfb-below-header-display":"","ast-hfb-mobile-header-display":"","site-post-title":"","ast-breadcrumbs-content":"","ast-featured-img":"","footer-sml-layout":"","theme-transparent-header-meta":"","adv-header-id-meta":"","stick-header-meta":"","header-above-stick-meta":"","header-main-stick-meta":"","header-below-stick-meta":"","astra-migrate-meta-layouts":"default","ast-page-background-enabled":"default","ast-page-background-meta":{"desktop":{"background-color":"var(--ast-global-color-5)","background-image":"","background-repeat":"repeat","background-position":"center center","background-size":"auto","background-attachment":"scroll","background-type":"","background-media":"","overlay-type":"","overlay-color":"","overlay-opacity":"","overlay-gradient":""},"tablet":{"background-color":"","background-image":"","background-repeat":"repeat","background-position":"center center","background-size":"auto","background-attachment":"scroll","background-type":"","background-media":"","overlay-type":"","overlay-color":"","overlay-opacity":"","overlay-gradient":""},"mobile":{"background-color":"","background-image":"","background-repeat":"repeat","background-position":"center center","background-size":"auto","background-attachment":"scroll","background-type":"","background-media":"","overlay-type":"","overlay-color":"","overlay-opacity":"","overlay-gradient":""}},"ast-content-background-meta":{"desktop":{"background-color":"var(--ast-global-color-4)","background-image":"","background-repeat":"repeat","background-position":"center center","background-size":"auto","background-attachment":"scroll","background-type":"","background-media":"","overlay-type":"","overlay-color":"","overlay-opacity":"","overlay-gradient":""},"tablet":{"background-color":"var(--ast-global-color-4)","background-image":"","background-repeat":"repeat","background-position":"center center","background-size":"auto","background-attachment":"scroll","background-type":"","background-media":"","overlay-type":"","overlay-color":"","overlay-opacity":"","overlay-gradient":""},"mobile":{"background-color":"var(--ast-global-color-4)","background-image":"","background-repeat":"repeat","background-position":"center center","background-size":"auto","background-attachment":"scroll","background-type":"","background-media":"","overlay-type":"","overlay-color":"","overlay-opacity":"","overlay-gradient":""}},"_joinchat":[],"footnotes":""},"class_list":["post-235","page","type-page","status-publish","hentry"],"_links":{"self":[{"href":"https:\/\/lasangucheria.com.ar\/sangucheria\/wp-json\/wp\/v2\/pages\/235","targetHints":{"allow":["GET"]}}],"collection":[{"href":"https:\/\/lasangucheria.com.ar\/sangucheria\/wp-json\/wp\/v2\/pages"}],"about":[{"href":"https:\/\/lasangucheria.com.ar\/sangucheria\/wp-json\/wp\/v2\/types\/page"}],"author":[{"embeddable":true,"href":"https:\/\/lasangucheria.com.ar\/sangucheria\/wp-json\/wp\/v2\/users\/1"}],"replies":[{"embeddable":true,"href":"https:\/\/lasangucheria.com.ar\/sangucheria\/wp-json\/wp\/v2\/comments?post=235"}],"version-history":[{"count":4,"href":"https:\/\/lasangucheria.com.ar\/sangucheria\/wp-json\/wp\/v2\/pages\/235\/revisions"}],"predecessor-version":[{"id":241,"href":"https:\/\/lasangucheria.com.ar\/sangucheria\/wp-json\/wp\/v2\/pages\/235\/revisions\/241"}],"wp:attachment":[{"href":"https:\/\/lasangucheria.com.ar\/sangucheria\/wp-json\/wp\/v2\/media?parent=235"}],"curies":[{"name":"wp","href":"https:\/\/api.w.org\/{rel}","templated":true}]}}